{"id":232,"date":"2024-02-22T14:44:43","date_gmt":"2024-02-22T13:44:43","guid":{"rendered":"http:\/\/perseiden.org\/?page_id=232"},"modified":"2025-10-01T15:16:42","modified_gmt":"2025-10-01T13:16:42","slug":"perseiden","status":"publish","type":"page","link":"https:\/\/perseiden.org\/","title":{"rendered":"perse\u00efden"},"content":{"rendered":"<p>[vc_row][vc_column][vc_single_image image=\u00a0\u00bb508&Prime; img_size=\u00a0\u00bbfull\u00a0\u00bb add_caption=\u00a0\u00bbyes\u00a0\u00bb alignment=\u00a0\u00bbcenter\u00a0\u00bb][\/vc_column][\/vc_row][vc_row][vc_column][vc_column_text]Bas\u00e9e \u00e0 Marseille, Perse\u00efden d\u00e9veloppe depuis 2017 un projet artistique et culturel de coop\u00e9ration internationale qui se d\u00e9ploie autour de trois axes :<\/p>\n<ul>\n<li>la production en <span style=\"color: #993366;\"><a style=\"color: #993366;\" href=\"https:\/\/perseiden.org\/index.php\/spectacles-vivants\/\" target=\"_blank\" rel=\"noopener\"><strong>spectacle vivant<\/strong><\/a> <\/span>;<\/li>\n<li>l\u2019<strong><span style=\"color: #993366;\"><a style=\"color: #993366;\" href=\"https:\/\/perseiden.org\/index.php\/cooperation-internationale\/\" target=\"_blank\" rel=\"noopener\">accompagnement professionnel<\/a><\/span><\/strong> aux m\u00e9tiers des arts et de la culture ;<\/li>\n<li>des <strong><span style=\"color: #993366;\"><a style=\"color: #993366;\" href=\"https:\/\/perseiden.org\/index.php\/creations-partagees\/\" target=\"_blank\" rel=\"noopener\">cr\u00e9ations artistiques<\/a> <\/span><\/strong>qui r\u00e9unissent professionnel.les de l\u2019art et non-professionnel.les et qui sont con\u00e7ues avec des partenaires du champ social, de l\u2019\u00e9ducation, du handicap, etc.<\/li>\n<\/ul>\n<p><strong><span style=\"color: #993366;\"><a style=\"color: #993366;\" href=\"https:\/\/perseiden.org\/index.php\/page-d-exemple\/\" target=\"_blank\" rel=\"noopener\">Lire la suite<\/a><\/span><\/strong>[\/vc_column_text][\/vc_column][\/vc_row][vc_row][vc_column][vc_separator border_width=\u00a0\u00bb2&Prime;][\/vc_column][\/vc_row][vc_row][vc_column width=\u00a0\u00bb1\/2&Prime;][vc_single_image image=\u00a0\u00bb1257&Prime; img_size=\u00a0\u00bblarge\u00a0\u00bb onclick=\u00a0\u00bbcustom_link\u00a0\u00bb img_link_target=\u00a0\u00bb_blank\u00a0\u00bb link=\u00a0\u00bbhttps:\/\/perseiden.org\/index.php\/programme-daccompagnement-professionnel\/reliance-et-ports_traits\/\u00a0\u00bb][vc_column_text]<em>Reliance<\/em> est un programme de formation men\u00e9 de mai 2023 \u00e0 f\u00e9vrier 2024 avec 11 artistes, acteurs et actrices culturelles de Grande Comore, d\u2019Anjouan et de Mayotte. Le programme aborde diff\u00e9rents aspects des m\u00e9tiers des arts et de la culture : le montage de projet, la d\u00e9marche artistique et la conduite d\u2019actions d\u2019\u00e9ducation artistique et culturelle.<br \/>\n<span style=\"color: #75395f;\"><strong><a style=\"color: #75395f;\" href=\"https:\/\/perseiden.org\/index.php\/programme-daccompagnement-professionnel\/reliance-et-ports_traits\/\">Lire la suite<\/a><\/strong><\/span>[\/vc_column_text][\/vc_column][vc_column width=\u00a0\u00bb1\/2&Prime;][vc_single_image image=\u00a0\u00bb1079&Prime; img_size=\u00a0\u00bblarge\u00a0\u00bb onclick=\u00a0\u00bbcustom_link\u00a0\u00bb link=\u00a0\u00bbhttps:\/\/perseiden.org\/index.php\/ports_traits\/\u00a0\u00bb][vc_column_text]<em>Ports_traits<\/em> est un projet de cr\u00e9ation en spectacle vivant men\u00e9 dans un contexte tri-national : il relie la France, les Comores et le S\u00e9n\u00e9gal. Con\u00e7u sur une temporalit\u00e9 de quatre ans, il entre, en 2025, dans la phase d\u2019\u00e9criture et de recherche pour la cr\u00e9ation d\u2019un spectacle qui portera les voix d\u2019adolescent.es des trois pays.<br \/>\n<span style=\"color: #75395f;\"><strong><a style=\"color: #75395f;\" href=\"https:\/\/perseiden.org\/index.php\/ports_traits\/\" target=\"_blank\" rel=\"noopener\">Lire la suite<\/a><\/strong><\/span>[\/vc_column_text][\/vc_column][\/vc_row]<\/p>\n","protected":false},"excerpt":{"rendered":"<p>[vc_row][vc_column][vc_single_image image=\u00a0\u00bb508&Prime; img_size=\u00a0\u00bbfull\u00a0\u00bb add_caption=\u00a0\u00bbyes\u00a0\u00bb alignment=\u00a0\u00bbcenter\u00a0\u00bb][\/vc_column][\/vc_row][vc_row][vc_column][vc_column_text]Bas\u00e9e \u00e0 Marseille, Perse\u00efden d\u00e9veloppe depuis 2017 un projet artistique et culturel de coop\u00e9ration internationale qui se d\u00e9ploie autour de trois axes : la production en spectacle vivant ; l\u2019accompagnement professionnel aux m\u00e9tiers des arts et de la culture ; des cr\u00e9ations artistiques qui r\u00e9unissent professionnel.les de l\u2019art et non-professionnel.les et&#8230;<\/p>\n","protected":false},"author":1,"featured_media":265,"parent":0,"menu_order":0,"comment_status":"closed","ping_status":"closed","template":"","meta":{"iawp_total_views":145,"footnotes":""},"class_list":["post-232","page","type-page","status-publish","has-post-thumbnail","hentry"],"_links":{"self":[{"href":"https:\/\/perseiden.org\/index.php\/wp-json\/wp\/v2\/pages\/232","targetHints":{"allow":["GET"]}}],"collection":[{"href":"https:\/\/perseiden.org\/index.php\/wp-json\/wp\/v2\/pages"}],"about":[{"href":"https:\/\/perseiden.org\/index.php\/wp-json\/wp\/v2\/types\/page"}],"author":[{"embeddable":true,"href":"https:\/\/perseiden.org\/index.php\/wp-json\/wp\/v2\/users\/1"}],"replies":[{"embeddable":true,"href":"https:\/\/perseiden.org\/index.php\/wp-json\/wp\/v2\/comments?post=232"}],"version-history":[{"count":69,"href":"https:\/\/perseiden.org\/index.php\/wp-json\/wp\/v2\/pages\/232\/revisions"}],"predecessor-version":[{"id":1258,"href":"https:\/\/perseiden.org\/index.php\/wp-json\/wp\/v2\/pages\/232\/revisions\/1258"}],"wp:featuredmedia":[{"embeddable":true,"href":"https:\/\/perseiden.org\/index.php\/wp-json\/wp\/v2\/media\/265"}],"wp:attachment":[{"href":"https:\/\/perseiden.org\/index.php\/wp-json\/wp\/v2\/media?parent=232"}],"curies":[{"name":"wp","href":"https:\/\/api.w.org\/{rel}","templated":true}]}}