{"id":382,"date":"2024-05-16T10:27:41","date_gmt":"2024-05-16T08:27:41","guid":{"rendered":"https:\/\/perseiden.org\/?page_id=382"},"modified":"2024-05-16T11:55:48","modified_gmt":"2024-05-16T09:55:48","slug":"marseille-comores-senegal","status":"publish","type":"page","link":"https:\/\/perseiden.org\/index.php\/marseille-comores-senegal\/","title":{"rendered":"Marseille- Comores &#8211; S\u00e9n\u00e9gal"},"content":{"rendered":"<p>Page en cours de r\u00e9daction.<\/p>\n","protected":false},"excerpt":{"rendered":"<p>Page en cours de r\u00e9daction.<\/p>\n","protected":false},"author":1,"featured_media":436,"parent":0,"menu_order":0,"comment_status":"closed","ping_status":"closed","template":"","meta":{"iawp_total_views":1,"footnotes":""},"class_list":["post-382","page","type-page","status-publish","has-post-thumbnail","hentry"],"_links":{"self":[{"href":"https:\/\/perseiden.org\/index.php\/wp-json\/wp\/v2\/pages\/382","targetHints":{"allow":["GET"]}}],"collection":[{"href":"https:\/\/perseiden.org\/index.php\/wp-json\/wp\/v2\/pages"}],"about":[{"href":"https:\/\/perseiden.org\/index.php\/wp-json\/wp\/v2\/types\/page"}],"author":[{"embeddable":true,"href":"https:\/\/perseiden.org\/index.php\/wp-json\/wp\/v2\/users\/1"}],"replies":[{"embeddable":true,"href":"https:\/\/perseiden.org\/index.php\/wp-json\/wp\/v2\/comments?post=382"}],"version-history":[{"count":2,"href":"https:\/\/perseiden.org\/index.php\/wp-json\/wp\/v2\/pages\/382\/revisions"}],"predecessor-version":[{"id":437,"href":"https:\/\/perseiden.org\/index.php\/wp-json\/wp\/v2\/pages\/382\/revisions\/437"}],"wp:featuredmedia":[{"embeddable":true,"href":"https:\/\/perseiden.org\/index.php\/wp-json\/wp\/v2\/media\/436"}],"wp:attachment":[{"href":"https:\/\/perseiden.org\/index.php\/wp-json\/wp\/v2\/media?parent=382"}],"curies":[{"name":"wp","href":"https:\/\/api.w.org\/{rel}","templated":true}]}}