{"id":392,"date":"2024-05-16T10:35:39","date_gmt":"2024-05-16T08:35:39","guid":{"rendered":"https:\/\/perseiden.org\/?page_id=392"},"modified":"2025-10-01T12:24:28","modified_gmt":"2025-10-01T10:24:28","slug":"chroniques-dune-ville-quon-croit-connaitre","status":"publish","type":"page","link":"https:\/\/perseiden.org\/index.php\/chroniques-dune-ville-quon-croit-connaitre\/","title":{"rendered":"Chroniques d&rsquo;une ville qu&rsquo;on croit conna\u00eetre"},"content":{"rendered":"\r\n<figure class=\"wp-block-pullquote has-medium-font-size\">\r\n<blockquote>\r\n<p>Pourrons-nous comprendre ce qu\u2019est devenue notre vie aujourd\u2019hui en Syrie ou \u00e0 l\u2019ext\u00e9rieur sans nous r\u00e9f\u00e9rer \u00e0 ce tournant d\u00e9cisif dont nous avons \u00e9t\u00e9 t\u00e9moins en 2011 ? Pourrons-nous jamais comprendre les facteurs et les circonstances qui ont influenc\u00e9 nos choix personnels durant l\u2019ann\u00e9e 2011 sans examiner notre histoire &#8211; individuelle et collective &#8211; avant le d\u00e9clenchement de la r\u00e9volution?<\/p>\r\n<cite>&#8211; Wael Kadour<\/cite><\/blockquote>\r\n<\/figure>\r\n\r\n\r\n\r\n<h5 class=\"wp-block-heading\">Th\u00e9\u00e2tre en arabe syrien surtitr\u00e9 \u2013 1h15<br \/>Cr\u00e9ation : 15 &amp; 16 janvier 2019 \u2013 Sc\u00e8ne Nationale de Mulhouse<\/h5>\r\n\r\n\r\n\r\n<p>\u00abChroniques d\u2019une ville qu\u2019on croit conna\u00eetre\u00bb s\u2019appuie sur une histoire vraie survenue \u00e0 Damas au d\u00e9but de la r\u00e9volution : le suicide d\u2019une jeune femme une nuit de l\u2019\u00e9t\u00e9 2011.<\/p>\r\n\r\n\r\n\r\n<p>La pi\u00e8ce ne documente pas cet incident, elle en tire une question : comment une Syrienne, de quelque bord politique soit-elle, a-t-elle pu choisir de ne pas savoir ce qui allait se passer dans son pays alors que le mouvement r\u00e9volutionnaire risquait de faire tomber le r\u00e9gime d\u2019un jour \u00e0 l\u2019autre\u00a0? Un \u00e9v\u00e9nement qu\u2019aucune imagination, m\u00eame la plus fantasque, n\u2019aurait pu pr\u00e9dire quelques mois auparavant.<\/p>\r\n\r\n\r\n\r\n<p>Quelle trag\u00e9die cette jeune femme a-t-elle v\u00e9cue pour finalement tourner le dos \u00e0 tout ce qui se passait autour d\u2019elle. Que s\u2019est-il pass\u00e9 pour qu\u2019elle en vienne \u00e0 an\u00e9antir \u00e0 jamais sa conscience?<\/p>\r\n\r\n\r\n\r\n<p>Le texte emprunte le sillon de cette question initiale. En \u00e9voquant certains aspects de la soci\u00e9t\u00e9 syrienne avant la r\u00e9volution et apr\u00e8s son d\u00e9clenchement, il met en lumi\u00e8re la violence intrins\u00e8que d\u2019un syst\u00e8me politique, \u00e9conomique, religieux, instaur\u00e9 et perp\u00e9tu\u00e9 depuis des d\u00e9cennies. Une violence exerc\u00e9e quotidiennement, tant dans la sph\u00e8re priv\u00e9e que publique.<\/p>\r\n\r\n\r\n\r\n<p>Il explore les clivages incisifs et acc\u00e9l\u00e9r\u00e9s qu\u2019a connus la soci\u00e9t\u00e9 syrienne durant les premiers mois de la r\u00e9volution et jusqu\u2019\u00e0 la lutte arm\u00e9e. Il les tient comme une cons\u00e9quence de cette violence et en r\u00e9v\u00e8le les nouvelles formes et ses degr\u00e9s d\u2019intensit\u00e9.<\/p>\r\n\r\n\r\n\r\n<p>En filigrane, il questionne l\u2019hypoth\u00e8se souvent \u00e9voqu\u00e9e, d\u2019une transition graduelle et in\u00e9vitable du mouvement r\u00e9volutionnaire pacifique vers le conflit arm\u00e9. Accept\u00e9e comme une v\u00e9rit\u00e9 indiscutable, et malgr\u00e9 sa justesse apparente \u00e0 premi\u00e8re vue, elle occulte cependant l\u2019incidence des lignes de fracture \u00e0 l\u2019\u0153uvre au sein m\u00eame de la soci\u00e9t\u00e9.<\/p>\r\n\r\n\r\n\r\n<p>En se r\u00e9f\u00e9rant au pass\u00e9, proche mais aussi lointain, <em>Chroniques d\u2019une ville qu\u2019on croit conna\u00eetre<\/em>\u00a0 rel\u00e8ve d\u2019une tentative de comprendre ce qui a lieu aujourd\u2019hui en Syrie, d\u2019analyser les mod\u00e8les qui dominent les relations entre les diff\u00e9rentes couches de la soci\u00e9t\u00e9 syrienne.<\/p>\r\n\r\n\r\n\r\n<p><a href=\"https:\/\/perseiden.org\/wp-content\/uploads\/2024\/11\/Doss-Chroniques-d-une-ville-102019.pdf\" target=\"_blank\" rel=\"noreferrer noopener\">\u21a5 <\/a><strong><a href=\"https:\/\/perseiden.org\/wp-content\/uploads\/2024\/11\/Doss-Chroniques-d-une-ville-102019.pdf\" target=\"_blank\" rel=\"noreferrer noopener\">Acc\u00e9der au dossier du spectacle<\/a><br \/><\/strong><a href=\"https:\/\/perseiden.org\/wp-content\/uploads\/2025\/01\/REVUE-PRESSE-chroniques.pdf\" target=\"_blank\" rel=\"noreferrer noopener\">\u21a5<strong>\u00a0Acc\u00e9der \u00e0 la revue de presse<\/strong><\/a><\/p>\r\n\r\n\r\n<details class=\"wp-block-details is-layout-flow wp-block-details-is-layout-flow\">\r\n<summary><strong><span style=\"color: #993366;\">\u2193 Distribution<\/span><\/strong><\/summary>\r\n\r\n<p><strong>Texte :<\/strong><br \/>Wael Kadour<\/p>\r\n\r\n\r\n\r\n<p><strong>Mise en sc\u00e8ne :<\/strong><br \/>Mohamad Al Rashi et Wael Kadour<\/p>\r\n\r\n\r\n\r\n<p><strong>Avec :<\/strong><br \/>Mohamad Al Rashi<br \/>Ramzi Choukair<br \/>Hanane El Dirani<br \/>Amal Omran<br \/>Mouaiad Roumieh<br \/>Tamara Saade<\/p>\r\n\r\n\r\n\r\n<p><strong>Cr\u00e9ation sonore et musique :<\/strong><br \/>Vincent Commaret<\/p>\r\n\r\n\r\n\r\n<p><strong>Musique night club :<\/strong><br \/>Cl\u00e9ment Queysanne<\/p>\r\n\r\n\r\n\r\n<p><strong>Cr\u00e9ation lumi\u00e8res &#8211; R\u00e9gie G\u00e9n\u00e9rale :<\/strong><br \/>Franck Besson<\/p>\r\n\r\n\r\n\r\n<p><strong>Sc\u00e9nographie :<\/strong><br \/>Jean-Christophe Lanquetin<\/p>\r\n\r\n\r\n\r\n<p><strong>Traduction et surtitrage :<\/strong><br \/>Nabil Boutros<\/p>\r\n\r\n\r\n\r\n<p><strong>Administration \/ production :<\/strong><br \/>Estelle Renavant<\/p>\r\n<\/details>\r\n\r\n<hr class=\"wp-block-separator has-alpha-channel-opacity\" \/>\r\n\r\n<details class=\"wp-block-details is-layout-flow wp-block-details-is-layout-flow\">\r\n<summary><strong><span style=\"color: #993366;\">\u2193 Production<\/span><\/strong><\/summary>\r\n\r\n<p><strong>Production<\/strong> : Perse\u00efden<\/p>\r\n\r\n\r\n\r\n<p><strong>Diffusion<\/strong> : Cie Kawaliss<\/p>\r\n\r\n\r\n\r\n<p><strong>Coproductions<\/strong> :<br \/>La Filature &#8211; Sc\u00e8ne Nationale de Mulhouse<br \/>Fondazione Campania dei Festival (Napoli Teatro Festival)<br \/>Kunstfest Weimar<br \/>Le POC &#8211; Alfortville<br \/>Tandem &#8211; Sc\u00e8ne Nationale Arras Douai<br \/>Th\u00e9\u00e2tre Jean-Vilar de Vitry-sur-Seine<\/p>\r\n\r\n\r\n\r\n<p><strong>Soutiens<\/strong> :<br \/>AFAC &#8211; The Arab Fund for Art and Culture<br \/>Citizen Artists &#8211; Beyrouth<br \/>Heinrich-B\u00f6ll-Stiftung &#8211; Middle East Office (Beirut)<br \/>Maison Antoine Vitez<br \/>L\u2019Onda &#8211; Office national de diffusion artistique<br \/>Sundance Institut<br \/>La Spedidam<br \/>Fonds Transfabrik &#8211; Fonds franco-allemand pour le spectacle vivant<\/p>\r\n\r\n\r\n\r\n<p><strong>Accueils en r\u00e9sidence<\/strong> :<br \/>Atelier des Artistes en exil<br \/>La Filature &#8211; Sc\u00e8ne Nationale de Mulhouse<br \/>le POC &#8211; Alfortville<br \/>Tandem &#8211; Sc\u00e8ne Nationale Arras Douai<br \/>Th\u00e9\u00e2tre Jean-Vilar de Vitry sur Seine<br \/>Sundance Playwrights Residency &#8211; Berlin<\/p>\r\n<\/details>\r\n\r\n<hr class=\"wp-block-separator has-alpha-channel-opacity\" \/>\r\n\r\n<details class=\"wp-block-details is-layout-flow wp-block-details-is-layout-flow\">\r\n<summary><strong><span style=\"color: #993366;\">\u2193 <strong>Tourn\u00e9e 2019 &#8211; 2020<\/strong><\/span><\/strong><\/summary>\r\n\r\n<p>Spectacle diffus\u00e9 par la Cie Kawaliss<\/p>\r\n\r\n\r\n\r\n<figure class=\"wp-block-table\">\r\n<table class=\"has-fixed-layout\">\r\n<tbody>\r\n<tr>\r\n<td>15 et 16 janvier 2019<\/td>\r\n<td>2 repr\u00e9sentations<\/td>\r\n<td>La Filature<\/td>\r\n<td>Sc\u00e8ne Nationale de Mulhouse<\/td>\r\n<\/tr>\r\n<tr>\r\n<td>5 et 6 mars 2019<\/td>\r\n<td>2 repr\u00e9sentations<\/td>\r\n<td>Tandem<\/td>\r\n<td>Sc\u00e8ne Nationale Arras Douai<\/td>\r\n<\/tr>\r\n<tr>\r\n<td>10 avril 2019<\/td>\r\n<td>1 repr\u00e9sentation<\/td>\r\n<td>Th\u00e9\u00e2tre Jean-Vilar<\/td>\r\n<td>Vitry-sur-Seine<\/td>\r\n<\/tr>\r\n<tr>\r\n<td>20 et 21 juin 2019<\/td>\r\n<td>2 repr\u00e9sentations<\/td>\r\n<td>Napoli Teatro Festival<\/td>\r\n<td>Naples &#8211; Italie<\/td>\r\n<\/tr>\r\n<tr>\r\n<td>30 et 31 ao\u00fbt 2019<\/td>\r\n<td>2 repr\u00e9sentations<\/td>\r\n<td>Kunstfest Weimar<\/td>\r\n<td>Weimar &#8211; Allemagne<\/td>\r\n<\/tr>\r\n<tr>\r\n<td>3 octobre 2019<\/td>\r\n<td>1 repr\u00e9sentation<\/td>\r\n<td>Le POC<\/td>\r\n<td>Alfortville<\/td>\r\n<\/tr>\r\n<tr>\r\n<td>15 et 16 oct. 2019<\/td>\r\n<td>2 repr\u00e9sentations<\/td>\r\n<td>Hexagone<\/td>\r\n<td>Sc\u00e8ne Nationale de Meylan<\/td>\r\n<\/tr>\r\n<tr>\r\n<td>18 et 19 oct. 2019<\/td>\r\n<td>2 repr\u00e9sentations<\/td>\r\n<td>Festival Sens Interdits<\/td>\r\n<td>Th\u00e9\u00e2tre Point du jour &#8211; Lyon<\/td>\r\n<\/tr>\r\n<tr>\r\n<td>24 mars 2020<\/td>\r\n<td>1 repr\u00e9sentation<\/td>\r\n<td>Th\u00e9\u00e2tre d&rsquo;Arles<\/td>\r\n<td>Arles<\/td>\r\n<\/tr>\r\n<tr>\r\n<td>5, 6 et 7 mai 2020<\/td>\r\n<td>3 repr\u00e9sentations<\/td>\r\n<td>CDN de Normandie-Rouen<\/td>\r\n<td>Rouen<\/td>\r\n<\/tr>\r\n<tr>\r\n<td>13 &#8211; 16 mai 2020<\/td>\r\n<td>4 repr\u00e9sentations<\/td>\r\n<td>CDN Le Pr\u00e9au<\/td>\r\n<td>Vire<\/td>\r\n<\/tr>\r\n<\/tbody>\r\n<\/table>\r\n<\/figure>\r\n<\/details>\r\n\r\n<hr class=\"wp-block-separator has-alpha-channel-opacity\" \/>\r\n\r\n\r\n<div class=\"wp-block-spacer\" style=\"height: 48px;\" aria-hidden=\"true\">\u00a0<\/div>\r\n\r\n\r\n\r\n<h2 class=\"wp-block-heading\">Trailer<\/h2>\r\n\r\n\r\n\r\n<figure class=\"wp-block-video\"><video style=\"aspect-ratio: 1920 \/ 1080;\" src=\"https:\/\/perseiden.org\/wp-content\/uploads\/2025\/04\/Chroniques-dune-ville-quon-croit-connaitre.mov\" controls=\"controls\" width=\"1920\" height=\"1080\"><\/video><\/figure>\r\n\r\n\r\n\r\n<p>&nbsp;<\/p>\r\n\r\n\r\n\r\n<h2 class=\"wp-block-heading\">Galerie photo<\/h2>\r\n\r\n\r\n\r\n<figure class=\"wp-block-gallery has-nested-images columns-default is-cropped wp-block-gallery-1 is-layout-flex wp-block-gallery-is-layout-flex\">\r\n<figure data-wp-context=\"{&quot;imageId&quot;:&quot;69d0509979da3&quot;}\" data-wp-interactive=\"core\/image\" data-wp-key=\"69d0509979da3\" class=\"wp-block-image size-large wp-lightbox-container\"><img loading=\"lazy\" decoding=\"async\" width=\"1024\" height=\"735\" data-wp-class--hide=\"state.isContentHidden\" data-wp-class--show=\"state.isContentVisible\" data-wp-init=\"callbacks.setButtonStyles\" data-wp-on--click=\"actions.showLightbox\" data-wp-on--load=\"callbacks.setButtonStyles\" data-wp-on-window--resize=\"callbacks.setButtonStyles\" data-id=\"732\" class=\"wp-image-732\" src=\"https:\/\/perseiden.org\/wp-content\/uploads\/2024\/11\/Darek-Szuster-\u2013-LAlsace-4-1-1024x735.jpg\" alt=\"\" srcset=\"https:\/\/perseiden.org\/wp-content\/uploads\/2024\/11\/Darek-Szuster-\u2013-LAlsace-4-1-1024x735.jpg 1024w, https:\/\/perseiden.org\/wp-content\/uploads\/2024\/11\/Darek-Szuster-\u2013-LAlsace-4-1-300x215.jpg 300w, https:\/\/perseiden.org\/wp-content\/uploads\/2024\/11\/Darek-Szuster-\u2013-LAlsace-4-1-768x552.jpg 768w, https:\/\/perseiden.org\/wp-content\/uploads\/2024\/11\/Darek-Szuster-\u2013-LAlsace-4-1-1536x1103.jpg 1536w, https:\/\/perseiden.org\/wp-content\/uploads\/2024\/11\/Darek-Szuster-\u2013-LAlsace-4-1-2048x1471.jpg 2048w, https:\/\/perseiden.org\/wp-content\/uploads\/2024\/11\/Darek-Szuster-\u2013-LAlsace-4-1-680x488.jpg 680w\" sizes=\"auto, (max-width: 1024px) 100vw, 1024px\" \/><button\n\t\t\tclass=\"lightbox-trigger\"\n\t\t\ttype=\"button\"\n\t\t\taria-haspopup=\"dialog\"\n\t\t\taria-label=\"Agrandir\"\n\t\t\tdata-wp-init=\"callbacks.initTriggerButton\"\n\t\t\tdata-wp-on--click=\"actions.showLightbox\"\n\t\t\tdata-wp-style--right=\"state.imageButtonRight\"\n\t\t\tdata-wp-style--top=\"state.imageButtonTop\"\n\t\t>\n\t\t\t<svg xmlns=\"http:\/\/www.w3.org\/2000\/svg\" width=\"12\" height=\"12\" fill=\"none\" viewBox=\"0 0 12 12\">\n\t\t\t\t<path fill=\"#fff\" d=\"M2 0a2 2 0 0 0-2 2v2h1.5V2a.5.5 0 0 1 .5-.5h2V0H2Zm2 10.5H2a.5.5 0 0 1-.5-.5V8H0v2a2 2 0 0 0 2 2h2v-1.5ZM8 12v-1.5h2a.5.5 0 0 0 .5-.5V8H12v2a2 2 0 0 1-2 2H8Zm2-12a2 2 0 0 1 2 2v2h-1.5V2a.5.5 0 0 0-.5-.5H8V0h2Z\" \/>\n\t\t\t<\/svg>\n\t\t<\/button>\r\n<figcaption class=\"wp-element-caption\">Cr\u00e9dits : Darek Szuster<\/figcaption>\r\n<\/figure>\r\n\r\n\r\n\r\n<figure data-wp-context=\"{&quot;imageId&quot;:&quot;69d050997a509&quot;}\" data-wp-interactive=\"core\/image\" data-wp-key=\"69d050997a509\" class=\"wp-block-image size-large wp-lightbox-container\"><img loading=\"lazy\" decoding=\"async\" width=\"1024\" height=\"735\" data-wp-class--hide=\"state.isContentHidden\" data-wp-class--show=\"state.isContentVisible\" data-wp-init=\"callbacks.setButtonStyles\" data-wp-on--click=\"actions.showLightbox\" data-wp-on--load=\"callbacks.setButtonStyles\" data-wp-on-window--resize=\"callbacks.setButtonStyles\" data-id=\"1223\" class=\"wp-image-1223\" src=\"https:\/\/perseiden.org\/wp-content\/uploads\/2025\/10\/Design-sans-titre-1024x735.jpg\" alt=\"\" srcset=\"https:\/\/perseiden.org\/wp-content\/uploads\/2025\/10\/Design-sans-titre-1024x735.jpg 1024w, https:\/\/perseiden.org\/wp-content\/uploads\/2025\/10\/Design-sans-titre-300x215.jpg 300w, https:\/\/perseiden.org\/wp-content\/uploads\/2025\/10\/Design-sans-titre-768x551.jpg 768w, https:\/\/perseiden.org\/wp-content\/uploads\/2025\/10\/Design-sans-titre-1536x1103.jpg 1536w, https:\/\/perseiden.org\/wp-content\/uploads\/2025\/10\/Design-sans-titre-680x488.jpg 680w, https:\/\/perseiden.org\/wp-content\/uploads\/2025\/10\/Design-sans-titre.jpg 2048w\" sizes=\"auto, (max-width: 1024px) 100vw, 1024px\" \/><button\n\t\t\tclass=\"lightbox-trigger\"\n\t\t\ttype=\"button\"\n\t\t\taria-haspopup=\"dialog\"\n\t\t\taria-label=\"Agrandir\"\n\t\t\tdata-wp-init=\"callbacks.initTriggerButton\"\n\t\t\tdata-wp-on--click=\"actions.showLightbox\"\n\t\t\tdata-wp-style--right=\"state.imageButtonRight\"\n\t\t\tdata-wp-style--top=\"state.imageButtonTop\"\n\t\t>\n\t\t\t<svg xmlns=\"http:\/\/www.w3.org\/2000\/svg\" width=\"12\" height=\"12\" fill=\"none\" viewBox=\"0 0 12 12\">\n\t\t\t\t<path fill=\"#fff\" d=\"M2 0a2 2 0 0 0-2 2v2h1.5V2a.5.5 0 0 1 .5-.5h2V0H2Zm2 10.5H2a.5.5 0 0 1-.5-.5V8H0v2a2 2 0 0 0 2 2h2v-1.5ZM8 12v-1.5h2a.5.5 0 0 0 .5-.5V8H12v2a2 2 0 0 1-2 2H8Zm2-12a2 2 0 0 1 2 2v2h-1.5V2a.5.5 0 0 0-.5-.5H8V0h2Z\" \/>\n\t\t\t<\/svg>\n\t\t<\/button>\r\n<figcaption class=\"wp-element-caption\">Cr\u00e9dits : Darek Szuster<\/figcaption>\r\n<\/figure>\r\n\r\n\r\n\r\n<figure data-wp-context=\"{&quot;imageId&quot;:&quot;69d050997aa74&quot;}\" data-wp-interactive=\"core\/image\" data-wp-key=\"69d050997aa74\" class=\"wp-block-image size-large wp-lightbox-container\"><img loading=\"lazy\" decoding=\"async\" width=\"1024\" height=\"735\" data-wp-class--hide=\"state.isContentHidden\" data-wp-class--show=\"state.isContentVisible\" data-wp-init=\"callbacks.setButtonStyles\" data-wp-on--click=\"actions.showLightbox\" data-wp-on--load=\"callbacks.setButtonStyles\" data-wp-on-window--resize=\"callbacks.setButtonStyles\" data-id=\"1227\" class=\"wp-image-1227\" src=\"https:\/\/perseiden.org\/wp-content\/uploads\/2025\/10\/Design-sans-titre-1-1024x735.png\" alt=\"\" srcset=\"https:\/\/perseiden.org\/wp-content\/uploads\/2025\/10\/Design-sans-titre-1-1024x735.png 1024w, https:\/\/perseiden.org\/wp-content\/uploads\/2025\/10\/Design-sans-titre-1-300x215.png 300w, https:\/\/perseiden.org\/wp-content\/uploads\/2025\/10\/Design-sans-titre-1-768x551.png 768w, https:\/\/perseiden.org\/wp-content\/uploads\/2025\/10\/Design-sans-titre-1-1536x1103.png 1536w, https:\/\/perseiden.org\/wp-content\/uploads\/2025\/10\/Design-sans-titre-1-680x488.png 680w, https:\/\/perseiden.org\/wp-content\/uploads\/2025\/10\/Design-sans-titre-1.png 2048w\" sizes=\"auto, (max-width: 1024px) 100vw, 1024px\" \/><button\n\t\t\tclass=\"lightbox-trigger\"\n\t\t\ttype=\"button\"\n\t\t\taria-haspopup=\"dialog\"\n\t\t\taria-label=\"Agrandir\"\n\t\t\tdata-wp-init=\"callbacks.initTriggerButton\"\n\t\t\tdata-wp-on--click=\"actions.showLightbox\"\n\t\t\tdata-wp-style--right=\"state.imageButtonRight\"\n\t\t\tdata-wp-style--top=\"state.imageButtonTop\"\n\t\t>\n\t\t\t<svg xmlns=\"http:\/\/www.w3.org\/2000\/svg\" width=\"12\" height=\"12\" fill=\"none\" viewBox=\"0 0 12 12\">\n\t\t\t\t<path fill=\"#fff\" d=\"M2 0a2 2 0 0 0-2 2v2h1.5V2a.5.5 0 0 1 .5-.5h2V0H2Zm2 10.5H2a.5.5 0 0 1-.5-.5V8H0v2a2 2 0 0 0 2 2h2v-1.5ZM8 12v-1.5h2a.5.5 0 0 0 .5-.5V8H12v2a2 2 0 0 1-2 2H8Zm2-12a2 2 0 0 1 2 2v2h-1.5V2a.5.5 0 0 0-.5-.5H8V0h2Z\" \/>\n\t\t\t<\/svg>\n\t\t<\/button>\r\n<figcaption class=\"wp-element-caption\">Cr\u00e9dits : Darek Szuster<\/figcaption>\r\n<\/figure>\r\n\r\n\r\n\r\n<figure data-wp-context=\"{&quot;imageId&quot;:&quot;69d050997b0b5&quot;}\" data-wp-interactive=\"core\/image\" data-wp-key=\"69d050997b0b5\" class=\"wp-block-image size-large wp-lightbox-container\"><img loading=\"lazy\" decoding=\"async\" width=\"1024\" height=\"677\" data-wp-class--hide=\"state.isContentHidden\" data-wp-class--show=\"state.isContentVisible\" data-wp-init=\"callbacks.setButtonStyles\" data-wp-on--click=\"actions.showLightbox\" data-wp-on--load=\"callbacks.setButtonStyles\" data-wp-on-window--resize=\"callbacks.setButtonStyles\" data-id=\"736\" class=\"wp-image-736\" src=\"https:\/\/perseiden.org\/wp-content\/uploads\/2024\/11\/Darek-Szuster-\u2013-LAlsace2-1-1024x677.jpg\" alt=\"\" srcset=\"https:\/\/perseiden.org\/wp-content\/uploads\/2024\/11\/Darek-Szuster-\u2013-LAlsace2-1-1024x677.jpg 1024w, https:\/\/perseiden.org\/wp-content\/uploads\/2024\/11\/Darek-Szuster-\u2013-LAlsace2-1-300x198.jpg 300w, https:\/\/perseiden.org\/wp-content\/uploads\/2024\/11\/Darek-Szuster-\u2013-LAlsace2-1-768x507.jpg 768w, https:\/\/perseiden.org\/wp-content\/uploads\/2024\/11\/Darek-Szuster-\u2013-LAlsace2-1-1536x1015.jpg 1536w, https:\/\/perseiden.org\/wp-content\/uploads\/2024\/11\/Darek-Szuster-\u2013-LAlsace2-1-2048x1353.jpg 2048w, https:\/\/perseiden.org\/wp-content\/uploads\/2024\/11\/Darek-Szuster-\u2013-LAlsace2-1-680x449.jpg 680w\" sizes=\"auto, (max-width: 1024px) 100vw, 1024px\" \/><button\n\t\t\tclass=\"lightbox-trigger\"\n\t\t\ttype=\"button\"\n\t\t\taria-haspopup=\"dialog\"\n\t\t\taria-label=\"Agrandir\"\n\t\t\tdata-wp-init=\"callbacks.initTriggerButton\"\n\t\t\tdata-wp-on--click=\"actions.showLightbox\"\n\t\t\tdata-wp-style--right=\"state.imageButtonRight\"\n\t\t\tdata-wp-style--top=\"state.imageButtonTop\"\n\t\t>\n\t\t\t<svg xmlns=\"http:\/\/www.w3.org\/2000\/svg\" width=\"12\" height=\"12\" fill=\"none\" viewBox=\"0 0 12 12\">\n\t\t\t\t<path fill=\"#fff\" d=\"M2 0a2 2 0 0 0-2 2v2h1.5V2a.5.5 0 0 1 .5-.5h2V0H2Zm2 10.5H2a.5.5 0 0 1-.5-.5V8H0v2a2 2 0 0 0 2 2h2v-1.5ZM8 12v-1.5h2a.5.5 0 0 0 .5-.5V8H12v2a2 2 0 0 1-2 2H8Zm2-12a2 2 0 0 1 2 2v2h-1.5V2a.5.5 0 0 0-.5-.5H8V0h2Z\" \/>\n\t\t\t<\/svg>\n\t\t<\/button>\r\n<figcaption class=\"wp-element-caption\">Cr\u00e9dits : Darek Szuster<\/figcaption>\r\n<\/figure>\r\n\r\n\r\n\r\n<figure data-wp-context=\"{&quot;imageId&quot;:&quot;69d050997b8ab&quot;}\" data-wp-interactive=\"core\/image\" data-wp-key=\"69d050997b8ab\" class=\"wp-block-image size-large wp-lightbox-container\"><img loading=\"lazy\" decoding=\"async\" width=\"1024\" height=\"656\" data-wp-class--hide=\"state.isContentHidden\" data-wp-class--show=\"state.isContentVisible\" data-wp-init=\"callbacks.setButtonStyles\" data-wp-on--click=\"actions.showLightbox\" data-wp-on--load=\"callbacks.setButtonStyles\" data-wp-on-window--resize=\"callbacks.setButtonStyles\" data-id=\"726\" class=\"wp-image-726\" src=\"https:\/\/perseiden.org\/wp-content\/uploads\/2024\/11\/Darek-Szuster-\u2013-LAlsace3-1024x656.jpg\" alt=\"\" srcset=\"https:\/\/perseiden.org\/wp-content\/uploads\/2024\/11\/Darek-Szuster-\u2013-LAlsace3-1024x656.jpg 1024w, https:\/\/perseiden.org\/wp-content\/uploads\/2024\/11\/Darek-Szuster-\u2013-LAlsace3-300x192.jpg 300w, https:\/\/perseiden.org\/wp-content\/uploads\/2024\/11\/Darek-Szuster-\u2013-LAlsace3-768x492.jpg 768w, https:\/\/perseiden.org\/wp-content\/uploads\/2024\/11\/Darek-Szuster-\u2013-LAlsace3-1536x984.jpg 1536w, https:\/\/perseiden.org\/wp-content\/uploads\/2024\/11\/Darek-Szuster-\u2013-LAlsace3-2048x1312.jpg 2048w, https:\/\/perseiden.org\/wp-content\/uploads\/2024\/11\/Darek-Szuster-\u2013-LAlsace3-680x436.jpg 680w\" sizes=\"auto, (max-width: 1024px) 100vw, 1024px\" \/><button\n\t\t\tclass=\"lightbox-trigger\"\n\t\t\ttype=\"button\"\n\t\t\taria-haspopup=\"dialog\"\n\t\t\taria-label=\"Agrandir\"\n\t\t\tdata-wp-init=\"callbacks.initTriggerButton\"\n\t\t\tdata-wp-on--click=\"actions.showLightbox\"\n\t\t\tdata-wp-style--right=\"state.imageButtonRight\"\n\t\t\tdata-wp-style--top=\"state.imageButtonTop\"\n\t\t>\n\t\t\t<svg xmlns=\"http:\/\/www.w3.org\/2000\/svg\" width=\"12\" height=\"12\" fill=\"none\" viewBox=\"0 0 12 12\">\n\t\t\t\t<path fill=\"#fff\" d=\"M2 0a2 2 0 0 0-2 2v2h1.5V2a.5.5 0 0 1 .5-.5h2V0H2Zm2 10.5H2a.5.5 0 0 1-.5-.5V8H0v2a2 2 0 0 0 2 2h2v-1.5ZM8 12v-1.5h2a.5.5 0 0 0 .5-.5V8H12v2a2 2 0 0 1-2 2H8Zm2-12a2 2 0 0 1 2 2v2h-1.5V2a.5.5 0 0 0-.5-.5H8V0h2Z\" \/>\n\t\t\t<\/svg>\n\t\t<\/button>\r\n<figcaption class=\"wp-element-caption\">Cr\u00e9dits : Darek Szuster<\/figcaption>\r\n<\/figure>\r\n\r\n\r\n\r\n<figure data-wp-context=\"{&quot;imageId&quot;:&quot;69d050997be85&quot;}\" data-wp-interactive=\"core\/image\" data-wp-key=\"69d050997be85\" class=\"wp-block-image size-large wp-lightbox-container\"><img loading=\"lazy\" decoding=\"async\" width=\"1024\" height=\"706\" data-wp-class--hide=\"state.isContentHidden\" data-wp-class--show=\"state.isContentVisible\" data-wp-init=\"callbacks.setButtonStyles\" data-wp-on--click=\"actions.showLightbox\" data-wp-on--load=\"callbacks.setButtonStyles\" data-wp-on-window--resize=\"callbacks.setButtonStyles\" data-id=\"733\" class=\"wp-image-733\" src=\"https:\/\/perseiden.org\/wp-content\/uploads\/2024\/11\/Darek-Szuster-\u2013-LAlsace-7-1-1024x706.jpg\" alt=\"\" srcset=\"https:\/\/perseiden.org\/wp-content\/uploads\/2024\/11\/Darek-Szuster-\u2013-LAlsace-7-1-1024x706.jpg 1024w, https:\/\/perseiden.org\/wp-content\/uploads\/2024\/11\/Darek-Szuster-\u2013-LAlsace-7-1-300x207.jpg 300w, https:\/\/perseiden.org\/wp-content\/uploads\/2024\/11\/Darek-Szuster-\u2013-LAlsace-7-1-768x529.jpg 768w, https:\/\/perseiden.org\/wp-content\/uploads\/2024\/11\/Darek-Szuster-\u2013-LAlsace-7-1-1536x1059.jpg 1536w, https:\/\/perseiden.org\/wp-content\/uploads\/2024\/11\/Darek-Szuster-\u2013-LAlsace-7-1-2048x1412.jpg 2048w, https:\/\/perseiden.org\/wp-content\/uploads\/2024\/11\/Darek-Szuster-\u2013-LAlsace-7-1-680x469.jpg 680w\" sizes=\"auto, (max-width: 1024px) 100vw, 1024px\" \/><button\n\t\t\tclass=\"lightbox-trigger\"\n\t\t\ttype=\"button\"\n\t\t\taria-haspopup=\"dialog\"\n\t\t\taria-label=\"Agrandir\"\n\t\t\tdata-wp-init=\"callbacks.initTriggerButton\"\n\t\t\tdata-wp-on--click=\"actions.showLightbox\"\n\t\t\tdata-wp-style--right=\"state.imageButtonRight\"\n\t\t\tdata-wp-style--top=\"state.imageButtonTop\"\n\t\t>\n\t\t\t<svg xmlns=\"http:\/\/www.w3.org\/2000\/svg\" width=\"12\" height=\"12\" fill=\"none\" viewBox=\"0 0 12 12\">\n\t\t\t\t<path fill=\"#fff\" d=\"M2 0a2 2 0 0 0-2 2v2h1.5V2a.5.5 0 0 1 .5-.5h2V0H2Zm2 10.5H2a.5.5 0 0 1-.5-.5V8H0v2a2 2 0 0 0 2 2h2v-1.5ZM8 12v-1.5h2a.5.5 0 0 0 .5-.5V8H12v2a2 2 0 0 1-2 2H8Zm2-12a2 2 0 0 1 2 2v2h-1.5V2a.5.5 0 0 0-.5-.5H8V0h2Z\" \/>\n\t\t\t<\/svg>\n\t\t<\/button>\r\n<figcaption class=\"wp-element-caption\">Cr\u00e9dits : Darek Szuster<\/figcaption>\r\n<\/figure>\r\n\r\n\r\n\r\n<figure data-wp-context=\"{&quot;imageId&quot;:&quot;69d050997c629&quot;}\" data-wp-interactive=\"core\/image\" data-wp-key=\"69d050997c629\" class=\"wp-block-image size-large wp-lightbox-container\"><img decoding=\"async\" data-wp-class--hide=\"state.isContentHidden\" data-wp-class--show=\"state.isContentVisible\" data-wp-init=\"callbacks.setButtonStyles\" data-wp-on--click=\"actions.showLightbox\" data-wp-on--load=\"callbacks.setButtonStyles\" data-wp-on-window--resize=\"callbacks.setButtonStyles\" data-id=\"737\" class=\"wp-image-737\" src=\"https:\/\/perseiden.org\/wp-content\/uploads\/2024\/11\/Darek-Szuster-\u2013-LAlsace5-1-1024x643.jpg\" alt=\"\" \/><button\n\t\t\tclass=\"lightbox-trigger\"\n\t\t\ttype=\"button\"\n\t\t\taria-haspopup=\"dialog\"\n\t\t\taria-label=\"Agrandir\"\n\t\t\tdata-wp-init=\"callbacks.initTriggerButton\"\n\t\t\tdata-wp-on--click=\"actions.showLightbox\"\n\t\t\tdata-wp-style--right=\"state.imageButtonRight\"\n\t\t\tdata-wp-style--top=\"state.imageButtonTop\"\n\t\t>\n\t\t\t<svg xmlns=\"http:\/\/www.w3.org\/2000\/svg\" width=\"12\" height=\"12\" fill=\"none\" viewBox=\"0 0 12 12\">\n\t\t\t\t<path fill=\"#fff\" d=\"M2 0a2 2 0 0 0-2 2v2h1.5V2a.5.5 0 0 1 .5-.5h2V0H2Zm2 10.5H2a.5.5 0 0 1-.5-.5V8H0v2a2 2 0 0 0 2 2h2v-1.5ZM8 12v-1.5h2a.5.5 0 0 0 .5-.5V8H12v2a2 2 0 0 1-2 2H8Zm2-12a2 2 0 0 1 2 2v2h-1.5V2a.5.5 0 0 0-.5-.5H8V0h2Z\" \/>\n\t\t\t<\/svg>\n\t\t<\/button>\r\n<figcaption class=\"wp-element-caption\">Cr\u00e9dits : Darek Szuster<\/figcaption>\r\n<\/figure>\r\n<\/figure>\r\n\r\n\r\n\r\n<p>&nbsp;<\/p>\r\n\r\n\r\n\r\n<div class=\"wp-block-columns is-layout-flex wp-container-core-columns-is-layout-9d6595d7 wp-block-columns-is-layout-flex\">\u00a0<\/div>\r\n","protected":false},"excerpt":{"rendered":"<p>Pourrons-nous comprendre ce qu\u2019est devenue notre vie aujourd\u2019hui en Syrie ou \u00e0 l\u2019ext\u00e9rieur sans nous r\u00e9f\u00e9rer \u00e0 ce tournant d\u00e9cisif dont nous avons \u00e9t\u00e9 t\u00e9moins en 2011 ? Pourrons-nous jamais comprendre les facteurs et les circonstances qui ont influenc\u00e9 nos choix personnels durant l\u2019ann\u00e9e 2011 sans examiner notre histoire &#8211; individuelle et collective &#8211; avant&#8230;<\/p>\n","protected":false},"author":1,"featured_media":1181,"parent":0,"menu_order":0,"comment_status":"closed","ping_status":"closed","template":"","meta":{"iawp_total_views":10,"footnotes":""},"class_list":["post-392","page","type-page","status-publish","has-post-thumbnail","hentry"],"_links":{"self":[{"href":"https:\/\/perseiden.org\/index.php\/wp-json\/wp\/v2\/pages\/392","targetHints":{"allow":["GET"]}}],"collection":[{"href":"https:\/\/perseiden.org\/index.php\/wp-json\/wp\/v2\/pages"}],"about":[{"href":"https:\/\/perseiden.org\/index.php\/wp-json\/wp\/v2\/types\/page"}],"author":[{"embeddable":true,"href":"https:\/\/perseiden.org\/index.php\/wp-json\/wp\/v2\/users\/1"}],"replies":[{"embeddable":true,"href":"https:\/\/perseiden.org\/index.php\/wp-json\/wp\/v2\/comments?post=392"}],"version-history":[{"count":58,"href":"https:\/\/perseiden.org\/index.php\/wp-json\/wp\/v2\/pages\/392\/revisions"}],"predecessor-version":[{"id":1235,"href":"https:\/\/perseiden.org\/index.php\/wp-json\/wp\/v2\/pages\/392\/revisions\/1235"}],"wp:featuredmedia":[{"embeddable":true,"href":"https:\/\/perseiden.org\/index.php\/wp-json\/wp\/v2\/media\/1181"}],"wp:attachment":[{"href":"https:\/\/perseiden.org\/index.php\/wp-json\/wp\/v2\/media?parent=392"}],"curies":[{"name":"wp","href":"https:\/\/api.w.org\/{rel}","templated":true}]}}