{"id":394,"date":"2024-05-16T10:35:40","date_gmt":"2024-05-16T08:35:40","guid":{"rendered":"https:\/\/perseiden.org\/?page_id=394"},"modified":"2025-06-20T12:13:24","modified_gmt":"2025-06-20T10:13:24","slug":"bravehearth","status":"publish","type":"page","link":"https:\/\/perseiden.org\/index.php\/bravehearth\/","title":{"rendered":"Braveheart"},"content":{"rendered":"\n<h2 class=\"wp-block-heading\">Braveheart<\/h2>\n\n\n\n<h5 class=\"wp-block-heading\">Spectacle en arabe syrien surtitr\u00e9<br>Cr\u00e9ation : 2025<br>Production Root\u2019s Art (Fr) \/ Collective Ma\u2019louba (De)<\/h5>\n\n\n\n<p><em>Braveheart<\/em> parle d\u2019exil. A travers l\u2019histoire de deux personnages, la pi\u00e8ce traite de cet \u00e9tat d\u2019entre-deux, de suspension entre deux mondes. L\u2019un, celui du d\u00e9part, celui qu\u2019on a d\u00fb quitter sans perspective de retour. L\u2019autre, celui du refuge, celui o\u00f9 il est pourtant si difficile de se reconstruire apr\u00e8s la guerre, apr\u00e8s l\u2019arrachement. <em>Braveheart<\/em> \u00e9voque aussi un autre entre-deux, celui du processus d\u2019\u00e9criture et du d\u00e9placement forc\u00e9 de la pratique artistique, de l\u2019incidence des \u00e9v\u00e8nements intimes, soci\u00e9taux, politiques, sur la cr\u00e9ation.<\/p>\n\n\n\n<p><strong>\u00c9tapes 2021-2023<\/strong><\/p>\n\n\n\n<p>De 2021 \u00e0 2023, dans la continuit\u00e9 du spectacle <a href=\"https:\/\/perseiden.org\/index.php\/chroniques-dune-ville-quon-croit-connaitre\/\" data-type=\"page\" data-id=\"392\">\u00ab\u00a0Chroniques d&rsquo;une ville qu&rsquo;on croit conna\u00eetre\u00a0\u00bb<\/a> cr\u00e9\u00e9 en 2019 \u00e0 la Filature &#8211; Sc\u00e8ne Nationale de Mulhouse, Perse\u00efden a renouvel\u00e9 son appui aux metteurs en sc\u00e8ne Wael Kadour et Mohamad Al Rashi pour impulser la production de <em>Braveheart<\/em>.<\/p>\n\n\n\n<p>Novembre 2021 : pr\u00e9sentation du projet \u00e0 la RIDA Mondeville<\/p>\n\n\n\n<p>Ao\u00fbt 2022 : r\u00e9sidence de recherche \u00e0 Coco Velten &#8211; Marseille et workshop avec les b\u00e9n\u00e9ficiaires du programme d&rsquo;accompagnement socio-psychologique et juridique Sindiane.<\/p>\n\n\n\n<p>D\u00e9cembre 2023 : transfert de la production \u00e0 Root&rsquo;s Art.<\/p>\n\n\n\n<p><\/p>\n","protected":false},"excerpt":{"rendered":"<p>Braveheart Spectacle en arabe syrien surtitr\u00e9Cr\u00e9ation : 2025Production Root\u2019s Art (Fr) \/ Collective Ma\u2019louba (De) Braveheart parle d\u2019exil. A travers l\u2019histoire de deux personnages, la pi\u00e8ce traite de cet \u00e9tat d\u2019entre-deux, de suspension entre deux mondes. L\u2019un, celui du d\u00e9part, celui qu\u2019on a d\u00fb quitter sans perspective de retour. L\u2019autre, celui du refuge, celui o\u00f9&#8230;<\/p>\n","protected":false},"author":1,"featured_media":682,"parent":0,"menu_order":0,"comment_status":"closed","ping_status":"closed","template":"","meta":{"iawp_total_views":3,"footnotes":""},"class_list":["post-394","page","type-page","status-publish","has-post-thumbnail","hentry"],"_links":{"self":[{"href":"https:\/\/perseiden.org\/index.php\/wp-json\/wp\/v2\/pages\/394","targetHints":{"allow":["GET"]}}],"collection":[{"href":"https:\/\/perseiden.org\/index.php\/wp-json\/wp\/v2\/pages"}],"about":[{"href":"https:\/\/perseiden.org\/index.php\/wp-json\/wp\/v2\/types\/page"}],"author":[{"embeddable":true,"href":"https:\/\/perseiden.org\/index.php\/wp-json\/wp\/v2\/users\/1"}],"replies":[{"embeddable":true,"href":"https:\/\/perseiden.org\/index.php\/wp-json\/wp\/v2\/comments?post=394"}],"version-history":[{"count":14,"href":"https:\/\/perseiden.org\/index.php\/wp-json\/wp\/v2\/pages\/394\/revisions"}],"predecessor-version":[{"id":1270,"href":"https:\/\/perseiden.org\/index.php\/wp-json\/wp\/v2\/pages\/394\/revisions\/1270"}],"wp:featuredmedia":[{"embeddable":true,"href":"https:\/\/perseiden.org\/index.php\/wp-json\/wp\/v2\/media\/682"}],"wp:attachment":[{"href":"https:\/\/perseiden.org\/index.php\/wp-json\/wp\/v2\/media?parent=394"}],"curies":[{"name":"wp","href":"https:\/\/api.w.org\/{rel}","templated":true}]}}