{"id":77,"date":"2024-02-14T11:37:47","date_gmt":"2024-02-14T10:37:47","guid":{"rendered":"http:\/\/perseiden.org\/?page_id=77"},"modified":"2025-10-01T14:24:02","modified_gmt":"2025-10-01T12:24:02","slug":"el-habib-houzame-bibo-anjouan","status":"publish","type":"page","link":"https:\/\/perseiden.org\/index.php\/el-habib-houzame-bibo-anjouan\/","title":{"rendered":"El-Habib Houzame (Bibo) \/ Anjouan"},"content":{"rendered":"\n<p>El-Habib Houzame, connu sous le nom de Bibo, est un acteur et danseur de l\u2019\u00eele d\u2019Anjouan. Il int\u00e8gre la soci\u00e9t\u00e9 de production audio- visuelle Mwangaza en 2021 et se forme au m\u00e9tier de preneur de son sur diff\u00e9rents tournages.&nbsp;<\/p>\n\n\n\n<p>N\u00e9 en 1996 \u00e0 Mutsamudu \u2013 Anjouan, El-Habib est titulaire d\u2019une Licence en administration \u00e9conomique et sociale. Il s\u2019initie au th\u00e9\u00e2tre et \u00e0 la danse \u00e0 partir de 2013 et suit les ateliers propos\u00e9s \u00e0 l\u2019Alliance Fran\u00e7aise de Mutsamudu. En 2014, il int\u00e8gre le groupe <em>Smoyal Danse<\/em>, puis la compagnie de th\u00e9\u00e2tre <em>Ngom\u00e9 <\/em>en 2015. Il d\u00e9couvre la danse latine avec Ma\u00eetre Karim et poursuit sa formation artistique avec la com\u00e9dienne et cin\u00e9aste Hortense Belh\u00f4te et le metteur en sc\u00e8ne Farid Rachad \u00e0 l\u2019Alliance Fran\u00e7aise.&nbsp;<\/p>\n\n\n\n<p>En 2021, il obtient le prix du meilleur com\u00e9dien masculin \u00e0 l\u2019occasion de la 2\u00e8me \u00e9dition du concours de th\u00e9\u00e2tre <em>Tsavuha <\/em>au Centre de Cr\u00e9ation Artistique des Comores (CCAC Mavuna) en Grande Comore.&nbsp;<\/p>\n\n\n\n<p>Cr\u00e9\u00e9e par Idrisse Moussa (Docteur en lettres et sciences humaines) et Hortense Belh\u00f4te dans le but de soutenir la cr\u00e9ation de projets audiovisuels et artistiques, la soci\u00e9t\u00e9 de production Mwangaza r\u00e9alise le film <em>Soultoini <\/em>\u00e0 Anjouan en 2021 et 2023. El-Habib prend part au tournage des deux \u00e9pisodes en tant qu\u2019acteur et preneur de son.&nbsp;<\/p>\n\n\n\n<p>Sa collaboration avec Mwangaza s\u2019\u00e9largit aux domaines de la structuration et du d\u00e9veloppement. En 2023, El-Habib cr\u00e9e son entreprise de production de supports audio-visuels <em>Bibo Concept<\/em>.&nbsp;<\/p>\n\n\n\n<p>\u00a9 Photo : IMARA\u00a0<\/p>\n\n\n<div class=\"wp-block-image\">\n<figure class=\"alignleft size-large is-resized\"><img loading=\"lazy\" decoding=\"async\" width=\"768\" height=\"1024\" src=\"https:\/\/perseiden.org\/wp-content\/uploads\/2024\/02\/3_El-Habib-Houzame-1-768x1024.jpg\" alt=\"\" class=\"wp-image-216\" style=\"width:259px;height:auto\" srcset=\"https:\/\/perseiden.org\/wp-content\/uploads\/2024\/02\/3_El-Habib-Houzame-1-768x1024.jpg 768w, https:\/\/perseiden.org\/wp-content\/uploads\/2024\/02\/3_El-Habib-Houzame-1-225x300.jpg 225w, https:\/\/perseiden.org\/wp-content\/uploads\/2024\/02\/3_El-Habib-Houzame-1-680x907.jpg 680w, https:\/\/perseiden.org\/wp-content\/uploads\/2024\/02\/3_El-Habib-Houzame-1.jpg 810w\" sizes=\"auto, (max-width: 768px) 100vw, 768px\" \/><\/figure>\n<\/div>","protected":false},"excerpt":{"rendered":"<p>El-Habib Houzame, connu sous le nom de Bibo, est un acteur et danseur de l\u2019\u00eele d\u2019Anjouan. Il int\u00e8gre la soci\u00e9t\u00e9 de production audio- visuelle Mwangaza en 2021 et se forme au m\u00e9tier de preneur de son sur diff\u00e9rents tournages.&nbsp; N\u00e9 en 1996 \u00e0 Mutsamudu \u2013 Anjouan, El-Habib est titulaire d\u2019une Licence en administration \u00e9conomique et&#8230;<\/p>\n","protected":false},"author":1,"featured_media":78,"parent":0,"menu_order":0,"comment_status":"closed","ping_status":"closed","template":"","meta":{"iawp_total_views":2,"footnotes":""},"class_list":["post-77","page","type-page","status-publish","has-post-thumbnail","hentry"],"_links":{"self":[{"href":"https:\/\/perseiden.org\/index.php\/wp-json\/wp\/v2\/pages\/77","targetHints":{"allow":["GET"]}}],"collection":[{"href":"https:\/\/perseiden.org\/index.php\/wp-json\/wp\/v2\/pages"}],"about":[{"href":"https:\/\/perseiden.org\/index.php\/wp-json\/wp\/v2\/types\/page"}],"author":[{"embeddable":true,"href":"https:\/\/perseiden.org\/index.php\/wp-json\/wp\/v2\/users\/1"}],"replies":[{"embeddable":true,"href":"https:\/\/perseiden.org\/index.php\/wp-json\/wp\/v2\/comments?post=77"}],"version-history":[{"count":7,"href":"https:\/\/perseiden.org\/index.php\/wp-json\/wp\/v2\/pages\/77\/revisions"}],"predecessor-version":[{"id":1246,"href":"https:\/\/perseiden.org\/index.php\/wp-json\/wp\/v2\/pages\/77\/revisions\/1246"}],"wp:featuredmedia":[{"embeddable":true,"href":"https:\/\/perseiden.org\/index.php\/wp-json\/wp\/v2\/media\/78"}],"wp:attachment":[{"href":"https:\/\/perseiden.org\/index.php\/wp-json\/wp\/v2\/media?parent=77"}],"curies":[{"name":"wp","href":"https:\/\/api.w.org\/{rel}","templated":true}]}}